{"id":1353,"date":"2024-07-23T17:04:07","date_gmt":"2024-07-23T17:04:07","guid":{"rendered":"https:\/\/paccarpowertrain.com\/product\/independent-service-providers\/"},"modified":"2026-01-20T20:25:56","modified_gmt":"2026-01-20T20:25:56","slug":"mx-access","status":"publish","type":"product","link":"https:\/\/paccarpowertrain.com\/fr\/produit\/mx-access\/","title":{"rendered":"Acc\u00e8s MX"},"content":{"rendered":"<div>PACCAR Powertrain propose un service d'abonnement qui comprend \u00e0 la fois un outil de diagnostic et l'acc\u00e8s \u00e0 des informations de service pour vous aider \u00e0 fournir le meilleur service possible aux moteurs PACCAR MX et \u00e0 vos clients MX.<\/div>\n<div><\/div>\n<div>L'outil de diagnostic (DAVIE4) permet de diagnostiquer et de programmer les composants \u00e9lectroniques des v\u00e9hicules \u00e9quip\u00e9s de moteurs PACCAR MX. Apr\u00e8s avoir cr\u00e9\u00e9 un compte et vous \u00eatre inscrit, un lien d'installation du DAVIE4 sera envoy\u00e9 \u00e0 l'adresse \u00e9lectronique que vous avez fournie ci-dessous avec des instructions pour l'installation et l'utilisation.<\/div>\n<div><\/div>\n<div>L'abonnement au service MX ACCESS comprend \u00e9galement l'acc\u00e8s \u00e0 des informations sur les pi\u00e8ces et le service, notamment<\/div>\n<div><\/div>\n<div>&lt;strong&gt;Informations sur la r&eacute;paration et l&#039;entretien des moteurs (RMI)&lt;\/strong&gt;<\/div>\n<div><ul><\/div>\n<div><\/div>\n<div>&lt;Catalogue des pi\u00e8ces d\u00e9tach\u00e9es<\/li><\/div>\n<div><\/div>\n<div><li>Calendrier d'entretien<\/li><\/div>\n<div><\/div>\n<div><li>Illustrations des pi\u00e8ces<\/li><\/div>\n<div><\/div>\n<div><li>Instructions de service<\/li><\/div>\n<div><\/div>\n<div><li>Informations sur le service<\/li><\/div>\n<div><\/div>\n<div><\/ul><\/div>\n<div><\/div>\n<div><\/div>\n<div>&lt;strong&gt;Moteur ECAT&lt;\/strong&gt;<\/div>\n<div><ul><\/div>\n<div><\/div>\n<div><li>Pi\u00e8ces d\u00e9tach\u00e9es<\/li><\/div>\n<div><\/div>\n<div><li>Pi\u00e8ces d'interface moteur-ch\u00e2ssis<\/li><\/div>\n<div><\/ul><\/div>\n<div><\/div>\n<div>&lt;strong&gt;Informations techniques d&eacute;taill&eacute;es&lt;\/strong&gt;<\/div>\n<div><\/div>\n<div>&lt;strong&gt;Formation essentielle&lt;\/strong&gt;<\/div>","protected":false},"excerpt":{"rendered":"<p>PACCAR Powertrain propose un service d'abonnement qui comprend \u00e0 la fois un outil de diagnostic et l'acc\u00e8s \u00e0 des informations de service pour vous aider \u00e0 fournir le meilleur service possible aux moteurs PACCAR MX et \u00e0 vos clients MX. L'outil de diagnostic<a class=\"read-more\" href=\"https:\/\/paccarpowertrain.com\/fr\/produit\/mx-access\/\"> Lire la suite<\/a><\/p>","protected":false},"featured_media":0,"comment_status":"open","ping_status":"closed","template":"","meta":{"_acf_changed":false,"inline_featured_image":false},"product_brand":[],"product_cat":[24],"product_tag":[],"class_list":{"2":"type-product","4":"entry","6":"product","7":"first","8":"instock","9":"virtual","10":"sold-individually","11":"taxable","12":"purchasable","13":"product-type-subscription"},"exclude_global_add_ons":true,"addons":[{"name":"Si\u00e8ges DAVIE suppl\u00e9mentaires","type":"input_multiplier","position":0,"required":false,"title_format":"label","default":"","description_enable":false,"description":"","placeholder_enable":false,"placeholder":"","display":"select","restrictions_type":"any_text","adjust_price":true,"price":"995","price_type":"quantity_based","restrictions":true,"min":"0","max":"9999","options":[],"id":1768940324}],"acf":[],"yoast_head":"<!-- This site is optimized with the Yoast SEO plugin v27.2 - https:\/\/yoast.com\/product\/yoast-seo-wordpress\/ -->\n<title>MX Access - PACCAR Powertrain<\/title>\n<meta name=\"robots\" content=\"index, follow, max-snippet:-1, max-image-preview:large, max-video-preview:-1\" \/>\n<link rel=\"canonical\" href=\"https:\/\/paccarpowertrain.com\/fr\/produit\/mx-access\/\" \/>\n<meta property=\"og:locale\" content=\"fr_CA\" \/>\n<meta property=\"og:type\" content=\"article\" \/>\n<meta property=\"og:title\" content=\"MX Access - PACCAR Powertrain\" \/>\n<meta property=\"og:description\" content=\"PACCAR Powertrain offers a subscription service that includes both a diagnostic tool and access to service information to help you provide the best service for PACCAR MX engines and your MX customers. The Diagnostic Tool Read More\" \/>\n<meta property=\"og:url\" content=\"https:\/\/paccarpowertrain.com\/fr\/produit\/mx-access\/\" \/>\n<meta property=\"og:site_name\" content=\"PACCAR Powertrain\" \/>\n<meta property=\"article:publisher\" content=\"https:\/\/www.facebook.com\/PACCARPowertrain\" \/>\n<meta property=\"article:modified_time\" content=\"2026-01-20T20:25:56+00:00\" \/>\n<meta name=\"twitter:card\" content=\"summary_large_image\" \/>\n<meta name=\"twitter:label1\" content=\"Estimation du temps de lecture\" \/>\n\t<meta name=\"twitter:data1\" content=\"1 minute\" \/>\n<script type=\"application\/ld+json\" class=\"yoast-schema-graph\">{\"@context\":\"https:\/\/schema.org\",\"@graph\":[{\"@type\":\"WebPage\",\"@id\":\"https:\/\/paccarpowertrain.com\/product\/mx-access\/\",\"url\":\"https:\/\/paccarpowertrain.com\/product\/mx-access\/\",\"name\":\"MX Access - PACCAR Powertrain\",\"isPartOf\":{\"@id\":\"https:\/\/paccarpowertrain.com\/#website\"},\"datePublished\":\"2024-07-23T17:04:07+00:00\",\"dateModified\":\"2026-01-20T20:25:56+00:00\",\"breadcrumb\":{\"@id\":\"https:\/\/paccarpowertrain.com\/product\/mx-access\/#breadcrumb\"},\"inLanguage\":\"fr-CA\",\"potentialAction\":[{\"@type\":\"ReadAction\",\"target\":[\"https:\/\/paccarpowertrain.com\/product\/mx-access\/\"]}]},{\"@type\":\"BreadcrumbList\",\"@id\":\"https:\/\/paccarpowertrain.com\/product\/mx-access\/#breadcrumb\",\"itemListElement\":[{\"@type\":\"ListItem\",\"position\":1,\"name\":\"Shop\",\"item\":\"https:\/\/paccarpowertrain.com\/shop\/\"},{\"@type\":\"ListItem\",\"position\":2,\"name\":\"MX Access\"}]},{\"@type\":\"WebSite\",\"@id\":\"https:\/\/paccarpowertrain.com\/#website\",\"url\":\"https:\/\/paccarpowertrain.com\/\",\"name\":\"PACCAR Powertrain\",\"description\":\"\",\"publisher\":{\"@id\":\"https:\/\/paccarpowertrain.com\/#organization\"},\"potentialAction\":[{\"@type\":\"SearchAction\",\"target\":{\"@type\":\"EntryPoint\",\"urlTemplate\":\"https:\/\/paccarpowertrain.com\/?s={search_term_string}\"},\"query-input\":{\"@type\":\"PropertyValueSpecification\",\"valueRequired\":true,\"valueName\":\"search_term_string\"}}],\"inLanguage\":\"fr-CA\"},{\"@type\":\"Organization\",\"@id\":\"https:\/\/paccarpowertrain.com\/#organization\",\"name\":\"PACCAR Powertrain\",\"url\":\"https:\/\/paccarpowertrain.com\/\",\"logo\":{\"@type\":\"ImageObject\",\"inLanguage\":\"fr-CA\",\"@id\":\"https:\/\/paccarpowertrain.com\/#\/schema\/logo\/image\/\",\"url\":\"https:\/\/paccarpowertrain.com\/wp-content\/uploads\/2022\/03\/paccar-powertrain-logo.svg\",\"contentUrl\":\"https:\/\/paccarpowertrain.com\/wp-content\/uploads\/2022\/03\/paccar-powertrain-logo.svg\",\"width\":200,\"height\":18,\"caption\":\"PACCAR Powertrain\"},\"image\":{\"@id\":\"https:\/\/paccarpowertrain.com\/#\/schema\/logo\/image\/\"},\"sameAs\":[\"https:\/\/www.facebook.com\/PACCARPowertrain\",\"https:\/\/www.linkedin.com\/showcase\/paccarpowertrain\/\",\"https:\/\/www.youtube.com\/@paccarpowertrain\"]}]}<\/script>\n<!-- \/ Yoast SEO plugin. -->","yoast_head_json":{"title":"Acc\u00e8s MX - PACCAR Powertrain","robots":{"index":"index","follow":"follow","max-snippet":"max-snippet:-1","max-image-preview":"max-image-preview:large","max-video-preview":"max-video-preview:-1"},"canonical":"https:\/\/paccarpowertrain.com\/fr\/produit\/mx-access\/","og_locale":"fr_CA","og_type":"article","og_title":"MX Access - PACCAR Powertrain","og_description":"PACCAR Powertrain offers a subscription service that includes both a diagnostic tool and access to service information to help you provide the best service for PACCAR MX engines and your MX customers. The Diagnostic Tool Read More","og_url":"https:\/\/paccarpowertrain.com\/fr\/produit\/mx-access\/","og_site_name":"PACCAR Powertrain","article_publisher":"https:\/\/www.facebook.com\/PACCARPowertrain","article_modified_time":"2026-01-20T20:25:56+00:00","twitter_card":"summary_large_image","twitter_misc":{"Estimation du temps de lecture":"1 minute"},"schema":{"@context":"https:\/\/schema.org","@graph":[{"@type":"WebPage","@id":"https:\/\/paccarpowertrain.com\/product\/mx-access\/","url":"https:\/\/paccarpowertrain.com\/product\/mx-access\/","name":"Acc\u00e8s MX - PACCAR Powertrain","isPartOf":{"@id":"https:\/\/paccarpowertrain.com\/#website"},"datePublished":"2024-07-23T17:04:07+00:00","dateModified":"2026-01-20T20:25:56+00:00","breadcrumb":{"@id":"https:\/\/paccarpowertrain.com\/product\/mx-access\/#breadcrumb"},"inLanguage":"fr-CA","potentialAction":[{"@type":"ReadAction","target":["https:\/\/paccarpowertrain.com\/product\/mx-access\/"]}]},{"@type":"BreadcrumbList","@id":"https:\/\/paccarpowertrain.com\/product\/mx-access\/#breadcrumb","itemListElement":[{"@type":"ListItem","position":1,"name":"Shop","item":"https:\/\/paccarpowertrain.com\/shop\/"},{"@type":"ListItem","position":2,"name":"MX Access"}]},{"@type":"WebSite","@id":"https:\/\/paccarpowertrain.com\/#website","url":"https:\/\/paccarpowertrain.com\/","name":"PACCAR Powertrain","description":"","publisher":{"@id":"https:\/\/paccarpowertrain.com\/#organization"},"potentialAction":[{"@type":"SearchAction","target":{"@type":"EntryPoint","urlTemplate":"https:\/\/paccarpowertrain.com\/?s={search_term_string}"},"query-input":{"@type":"PropertyValueSpecification","valueRequired":true,"valueName":"search_term_string"}}],"inLanguage":"fr-CA"},{"@type":"Organization","@id":"https:\/\/paccarpowertrain.com\/#organization","name":"PACCAR Powertrain","url":"https:\/\/paccarpowertrain.com\/","logo":{"@type":"ImageObject","inLanguage":"fr-CA","@id":"https:\/\/paccarpowertrain.com\/#\/schema\/logo\/image\/","url":"https:\/\/paccarpowertrain.com\/wp-content\/uploads\/2022\/03\/paccar-powertrain-logo.svg","contentUrl":"https:\/\/paccarpowertrain.com\/wp-content\/uploads\/2022\/03\/paccar-powertrain-logo.svg","width":200,"height":18,"caption":"PACCAR Powertrain"},"image":{"@id":"https:\/\/paccarpowertrain.com\/#\/schema\/logo\/image\/"},"sameAs":["https:\/\/www.facebook.com\/PACCARPowertrain","https:\/\/www.linkedin.com\/showcase\/paccarpowertrain\/","https:\/\/www.youtube.com\/@paccarpowertrain"]}]}},"_links":{"self":[{"href":"https:\/\/paccarpowertrain.com\/fr\/wp-json\/wp\/v2\/product\/1353","targetHints":{"allow":["GET"]}}],"collection":[{"href":"https:\/\/paccarpowertrain.com\/fr\/wp-json\/wp\/v2\/product"}],"about":[{"href":"https:\/\/paccarpowertrain.com\/fr\/wp-json\/wp\/v2\/types\/product"}],"replies":[{"embeddable":true,"href":"https:\/\/paccarpowertrain.com\/fr\/wp-json\/wp\/v2\/comments?post=1353"}],"wp:attachment":[{"href":"https:\/\/paccarpowertrain.com\/fr\/wp-json\/wp\/v2\/media?parent=1353"}],"wp:term":[{"taxonomy":"product_brand","embeddable":true,"href":"https:\/\/paccarpowertrain.com\/fr\/wp-json\/wp\/v2\/product_brand?post=1353"},{"taxonomy":"product_cat","embeddable":true,"href":"https:\/\/paccarpowertrain.com\/fr\/wp-json\/wp\/v2\/product_cat?post=1353"},{"taxonomy":"product_tag","embeddable":true,"href":"https:\/\/paccarpowertrain.com\/fr\/wp-json\/wp\/v2\/product_tag?post=1353"}],"curies":[{"name":"wp","href":"https:\/\/api.w.org\/{rel}","templated":true}]}}