{"id":7,"date":"2022-03-14T17:30:11","date_gmt":"2022-03-14T17:30:11","guid":{"rendered":"https:\/\/paccar.local\/?page_id=7"},"modified":"2024-10-19T05:15:51","modified_gmt":"2024-10-19T05:15:51","slug":"find-a-distributor","status":"publish","type":"page","link":"https:\/\/paccarpowertrain.com\/fr\/find-a-distributor\/","title":{"rendered":"Trouver un distributeur"},"content":{"rendered":"","protected":false},"excerpt":{"rendered":"","protected":false},"author":2,"featured_media":0,"parent":0,"menu_order":0,"comment_status":"closed","ping_status":"closed","template":"","meta":{"_acf_changed":false,"inline_featured_image":false,"footnotes":""},"class_list":{"2":"type-page","4":"entry"},"acf":[],"yoast_head":"<!-- This site is optimized with the Yoast SEO plugin v27.2 - https:\/\/yoast.com\/product\/yoast-seo-wordpress\/ -->\n<title>Find a Distributor - PACCAR Powertrain<\/title>\n<meta name=\"description\" content=\"With over 800 locations across North America, we\u2019re here to back you up. Enter a city or zip code to find a distributor near you.\" \/>\n<meta name=\"robots\" content=\"index, follow, max-snippet:-1, max-image-preview:large, max-video-preview:-1\" \/>\n<link rel=\"canonical\" href=\"https:\/\/paccarpowertrain.com\/fr\/find-a-distributor\/\" \/>\n<meta property=\"og:locale\" content=\"fr_CA\" \/>\n<meta property=\"og:type\" content=\"article\" \/>\n<meta property=\"og:title\" content=\"Find a Distributor - PACCAR Powertrain\" \/>\n<meta property=\"og:description\" content=\"With over 800 locations across North America, we\u2019re here to back you up. Enter a city or zip code to find a distributor near you.\" \/>\n<meta property=\"og:url\" content=\"https:\/\/paccarpowertrain.com\/fr\/find-a-distributor\/\" \/>\n<meta property=\"og:site_name\" content=\"PACCAR Powertrain\" \/>\n<meta property=\"article:publisher\" content=\"https:\/\/www.facebook.com\/PACCARPowertrain\" \/>\n<meta property=\"article:modified_time\" content=\"2024-10-19T05:15:51+00:00\" \/>\n<meta name=\"twitter:card\" content=\"summary_large_image\" \/>\n<meta name=\"twitter:label1\" content=\"Estimation du temps de lecture\" \/>\n\t<meta name=\"twitter:data1\" content=\"1 minute\" \/>\n<script type=\"application\/ld+json\" class=\"yoast-schema-graph\">{\"@context\":\"https:\/\/schema.org\",\"@graph\":[{\"@type\":\"WebPage\",\"@id\":\"https:\/\/paccarpowertrain.com\/find-a-distributor\/\",\"url\":\"https:\/\/paccarpowertrain.com\/find-a-distributor\/\",\"name\":\"Find a Distributor - PACCAR Powertrain\",\"isPartOf\":{\"@id\":\"https:\/\/paccarpowertrain.com\/#website\"},\"datePublished\":\"2022-03-14T17:30:11+00:00\",\"dateModified\":\"2024-10-19T05:15:51+00:00\",\"description\":\"With over 800 locations across North America, we\u2019re here to back you up. Enter a city or zip code to find a distributor near you.\",\"inLanguage\":\"fr-CA\",\"potentialAction\":[{\"@type\":\"ReadAction\",\"target\":[\"https:\/\/paccarpowertrain.com\/find-a-distributor\/\"]}]},{\"@type\":\"WebSite\",\"@id\":\"https:\/\/paccarpowertrain.com\/#website\",\"url\":\"https:\/\/paccarpowertrain.com\/\",\"name\":\"PACCAR Powertrain\",\"description\":\"\",\"publisher\":{\"@id\":\"https:\/\/paccarpowertrain.com\/#organization\"},\"potentialAction\":[{\"@type\":\"SearchAction\",\"target\":{\"@type\":\"EntryPoint\",\"urlTemplate\":\"https:\/\/paccarpowertrain.com\/?s={search_term_string}\"},\"query-input\":{\"@type\":\"PropertyValueSpecification\",\"valueRequired\":true,\"valueName\":\"search_term_string\"}}],\"inLanguage\":\"fr-CA\"},{\"@type\":\"Organization\",\"@id\":\"https:\/\/paccarpowertrain.com\/#organization\",\"name\":\"PACCAR Powertrain\",\"url\":\"https:\/\/paccarpowertrain.com\/\",\"logo\":{\"@type\":\"ImageObject\",\"inLanguage\":\"fr-CA\",\"@id\":\"https:\/\/paccarpowertrain.com\/#\/schema\/logo\/image\/\",\"url\":\"https:\/\/paccarpowertrain.com\/wp-content\/uploads\/2022\/03\/paccar-powertrain-logo.svg\",\"contentUrl\":\"https:\/\/paccarpowertrain.com\/wp-content\/uploads\/2022\/03\/paccar-powertrain-logo.svg\",\"width\":200,\"height\":18,\"caption\":\"PACCAR Powertrain\"},\"image\":{\"@id\":\"https:\/\/paccarpowertrain.com\/#\/schema\/logo\/image\/\"},\"sameAs\":[\"https:\/\/www.facebook.com\/PACCARPowertrain\",\"https:\/\/www.linkedin.com\/showcase\/paccarpowertrain\/\",\"https:\/\/www.youtube.com\/@paccarpowertrain\"]}]}<\/script>\n<!-- \/ Yoast SEO plugin. -->","yoast_head_json":{"title":"Trouver un distributeur - PACCAR Powertrain","description":"Avec plus de 800 sites en Am\u00e9rique du Nord, nous sommes l\u00e0 pour vous soutenir. Entrez une ville ou un code postal pour trouver un distributeur pr\u00e8s de chez vous.","robots":{"index":"index","follow":"follow","max-snippet":"max-snippet:-1","max-image-preview":"max-image-preview:large","max-video-preview":"max-video-preview:-1"},"canonical":"https:\/\/paccarpowertrain.com\/fr\/find-a-distributor\/","og_locale":"fr_CA","og_type":"article","og_title":"Find a Distributor - PACCAR Powertrain","og_description":"With over 800 locations across North America, we\u2019re here to back you up. Enter a city or zip code to find a distributor near you.","og_url":"https:\/\/paccarpowertrain.com\/fr\/find-a-distributor\/","og_site_name":"PACCAR Powertrain","article_publisher":"https:\/\/www.facebook.com\/PACCARPowertrain","article_modified_time":"2024-10-19T05:15:51+00:00","twitter_card":"summary_large_image","twitter_misc":{"Estimation du temps de lecture":"1 minute"},"schema":{"@context":"https:\/\/schema.org","@graph":[{"@type":"WebPage","@id":"https:\/\/paccarpowertrain.com\/find-a-distributor\/","url":"https:\/\/paccarpowertrain.com\/find-a-distributor\/","name":"Trouver un distributeur - PACCAR Powertrain","isPartOf":{"@id":"https:\/\/paccarpowertrain.com\/#website"},"datePublished":"2022-03-14T17:30:11+00:00","dateModified":"2024-10-19T05:15:51+00:00","description":"Avec plus de 800 sites en Am\u00e9rique du Nord, nous sommes l\u00e0 pour vous soutenir. Entrez une ville ou un code postal pour trouver un distributeur pr\u00e8s de chez vous.","inLanguage":"fr-CA","potentialAction":[{"@type":"ReadAction","target":["https:\/\/paccarpowertrain.com\/find-a-distributor\/"]}]},{"@type":"WebSite","@id":"https:\/\/paccarpowertrain.com\/#website","url":"https:\/\/paccarpowertrain.com\/","name":"PACCAR Powertrain","description":"","publisher":{"@id":"https:\/\/paccarpowertrain.com\/#organization"},"potentialAction":[{"@type":"SearchAction","target":{"@type":"EntryPoint","urlTemplate":"https:\/\/paccarpowertrain.com\/?s={search_term_string}"},"query-input":{"@type":"PropertyValueSpecification","valueRequired":true,"valueName":"search_term_string"}}],"inLanguage":"fr-CA"},{"@type":"Organization","@id":"https:\/\/paccarpowertrain.com\/#organization","name":"PACCAR Powertrain","url":"https:\/\/paccarpowertrain.com\/","logo":{"@type":"ImageObject","inLanguage":"fr-CA","@id":"https:\/\/paccarpowertrain.com\/#\/schema\/logo\/image\/","url":"https:\/\/paccarpowertrain.com\/wp-content\/uploads\/2022\/03\/paccar-powertrain-logo.svg","contentUrl":"https:\/\/paccarpowertrain.com\/wp-content\/uploads\/2022\/03\/paccar-powertrain-logo.svg","width":200,"height":18,"caption":"PACCAR Powertrain"},"image":{"@id":"https:\/\/paccarpowertrain.com\/#\/schema\/logo\/image\/"},"sameAs":["https:\/\/www.facebook.com\/PACCARPowertrain","https:\/\/www.linkedin.com\/showcase\/paccarpowertrain\/","https:\/\/www.youtube.com\/@paccarpowertrain"]}]}},"_links":{"self":[{"href":"https:\/\/paccarpowertrain.com\/fr\/wp-json\/wp\/v2\/pages\/7","targetHints":{"allow":["GET"]}}],"collection":[{"href":"https:\/\/paccarpowertrain.com\/fr\/wp-json\/wp\/v2\/pages"}],"about":[{"href":"https:\/\/paccarpowertrain.com\/fr\/wp-json\/wp\/v2\/types\/page"}],"author":[{"embeddable":true,"href":"https:\/\/paccarpowertrain.com\/fr\/wp-json\/wp\/v2\/users\/2"}],"replies":[{"embeddable":true,"href":"https:\/\/paccarpowertrain.com\/fr\/wp-json\/wp\/v2\/comments?post=7"}],"version-history":[{"count":0,"href":"https:\/\/paccarpowertrain.com\/fr\/wp-json\/wp\/v2\/pages\/7\/revisions"}],"wp:attachment":[{"href":"https:\/\/paccarpowertrain.com\/fr\/wp-json\/wp\/v2\/media?parent=7"}],"curies":[{"name":"wp","href":"https:\/\/api.w.org\/{rel}","templated":true}]}}