{"id":5,"date":"2022-03-14T17:28:06","date_gmt":"2022-03-14T17:28:06","guid":{"rendered":"https:\/\/paccar.local\/?page_id=5"},"modified":"2024-10-19T04:07:29","modified_gmt":"2024-10-19T04:07:29","slug":"home","status":"publish","type":"page","link":"https:\/\/paccarpowertrain.com\/fr\/","title":{"rendered":"Accueil"},"content":{"rendered":"","protected":false},"excerpt":{"rendered":"","protected":false},"author":2,"featured_media":0,"parent":0,"menu_order":0,"comment_status":"closed","ping_status":"closed","template":"","meta":{"_acf_changed":false,"inline_featured_image":false,"footnotes":""},"class_list":{"2":"type-page","4":"entry"},"acf":[],"yoast_head":"<!-- This site is optimized with the Yoast SEO plugin v27.2 - https:\/\/yoast.com\/product\/yoast-seo-wordpress\/ -->\n<title>PACCAR Powertrain<\/title>\n<meta name=\"description\" content=\"The PACCAR Powertrain is engineered to bring power and performance together, so you can maximize your investments mile after mile.\" \/>\n<meta name=\"robots\" content=\"index, follow, max-snippet:-1, max-image-preview:large, max-video-preview:-1\" \/>\n<link rel=\"canonical\" href=\"https:\/\/paccarpowertrain.com\/fr\/\" \/>\n<meta property=\"og:locale\" content=\"fr_CA\" \/>\n<meta property=\"og:type\" content=\"article\" \/>\n<meta property=\"og:title\" content=\"PACCAR Powertrain\" \/>\n<meta property=\"og:description\" content=\"The PACCAR Powertrain is engineered to bring power and performance together, so you can maximize your investments mile after mile.\" \/>\n<meta property=\"og:url\" content=\"https:\/\/paccarpowertrain.com\/fr\/\" \/>\n<meta property=\"og:site_name\" content=\"PACCAR Powertrain\" \/>\n<meta property=\"article:publisher\" content=\"https:\/\/www.facebook.com\/PACCARPowertrain\" \/>\n<meta property=\"article:modified_time\" content=\"2024-10-19T04:07:29+00:00\" \/>\n<meta name=\"twitter:card\" content=\"summary_large_image\" \/>\n<meta name=\"twitter:label1\" content=\"Estimation du temps de lecture\" \/>\n\t<meta name=\"twitter:data1\" content=\"2 minutes\" \/>\n<script type=\"application\/ld+json\" class=\"yoast-schema-graph\">{\"@context\":\"https:\/\/schema.org\",\"@graph\":[{\"@type\":\"WebPage\",\"@id\":\"https:\/\/paccarpowertrain.com\/\",\"url\":\"https:\/\/paccarpowertrain.com\/\",\"name\":\"PACCAR Powertrain\",\"isPartOf\":{\"@id\":\"https:\/\/paccarpowertrain.com\/#website\"},\"datePublished\":\"2022-03-14T17:28:06+00:00\",\"dateModified\":\"2024-10-19T04:07:29+00:00\",\"description\":\"The PACCAR Powertrain is engineered to bring power and performance together, so you can maximize your investments mile after mile.\",\"inLanguage\":\"fr-CA\",\"potentialAction\":[{\"@type\":\"ReadAction\",\"target\":[\"https:\/\/paccarpowertrain.com\/\"]}]},{\"@type\":\"WebSite\",\"@id\":\"https:\/\/paccarpowertrain.com\/#website\",\"url\":\"https:\/\/paccarpowertrain.com\/\",\"name\":\"PACCAR Powertrain\",\"description\":\"\",\"publisher\":{\"@id\":\"https:\/\/paccarpowertrain.com\/#organization\"},\"potentialAction\":[{\"@type\":\"SearchAction\",\"target\":{\"@type\":\"EntryPoint\",\"urlTemplate\":\"https:\/\/paccarpowertrain.com\/?s={search_term_string}\"},\"query-input\":{\"@type\":\"PropertyValueSpecification\",\"valueRequired\":true,\"valueName\":\"search_term_string\"}}],\"inLanguage\":\"fr-CA\"},{\"@type\":\"Organization\",\"@id\":\"https:\/\/paccarpowertrain.com\/#organization\",\"name\":\"PACCAR Powertrain\",\"url\":\"https:\/\/paccarpowertrain.com\/\",\"logo\":{\"@type\":\"ImageObject\",\"inLanguage\":\"fr-CA\",\"@id\":\"https:\/\/paccarpowertrain.com\/#\/schema\/logo\/image\/\",\"url\":\"https:\/\/paccarpowertrain.com\/wp-content\/uploads\/2022\/03\/paccar-powertrain-logo.svg\",\"contentUrl\":\"https:\/\/paccarpowertrain.com\/wp-content\/uploads\/2022\/03\/paccar-powertrain-logo.svg\",\"width\":200,\"height\":18,\"caption\":\"PACCAR Powertrain\"},\"image\":{\"@id\":\"https:\/\/paccarpowertrain.com\/#\/schema\/logo\/image\/\"},\"sameAs\":[\"https:\/\/www.facebook.com\/PACCARPowertrain\",\"https:\/\/www.linkedin.com\/showcase\/paccarpowertrain\/\",\"https:\/\/www.youtube.com\/@paccarpowertrain\"]}]}<\/script>\n<!-- \/ Yoast SEO plugin. -->","yoast_head_json":{"title":"PACCAR Powertrain","description":"Le groupe motopropulseur PACCAR est con\u00e7u pour apporter puissance et performance, afin que vous puissiez maximiser vos investissements kilom\u00e8tre apr\u00e8s kilom\u00e8tre.","robots":{"index":"index","follow":"follow","max-snippet":"max-snippet:-1","max-image-preview":"max-image-preview:large","max-video-preview":"max-video-preview:-1"},"canonical":"https:\/\/paccarpowertrain.com\/fr\/","og_locale":"fr_CA","og_type":"article","og_title":"PACCAR Powertrain","og_description":"The PACCAR Powertrain is engineered to bring power and performance together, so you can maximize your investments mile after mile.","og_url":"https:\/\/paccarpowertrain.com\/fr\/","og_site_name":"PACCAR Powertrain","article_publisher":"https:\/\/www.facebook.com\/PACCARPowertrain","article_modified_time":"2024-10-19T04:07:29+00:00","twitter_card":"summary_large_image","twitter_misc":{"Estimation du temps de lecture":"2 minutes"},"schema":{"@context":"https:\/\/schema.org","@graph":[{"@type":"WebPage","@id":"https:\/\/paccarpowertrain.com\/","url":"https:\/\/paccarpowertrain.com\/","name":"PACCAR Powertrain","isPartOf":{"@id":"https:\/\/paccarpowertrain.com\/#website"},"datePublished":"2022-03-14T17:28:06+00:00","dateModified":"2024-10-19T04:07:29+00:00","description":"Le groupe motopropulseur PACCAR est con\u00e7u pour apporter puissance et performance, afin que vous puissiez maximiser vos investissements kilom\u00e8tre apr\u00e8s kilom\u00e8tre.","inLanguage":"fr-CA","potentialAction":[{"@type":"ReadAction","target":["https:\/\/paccarpowertrain.com\/"]}]},{"@type":"WebSite","@id":"https:\/\/paccarpowertrain.com\/#website","url":"https:\/\/paccarpowertrain.com\/","name":"PACCAR Powertrain","description":"","publisher":{"@id":"https:\/\/paccarpowertrain.com\/#organization"},"potentialAction":[{"@type":"SearchAction","target":{"@type":"EntryPoint","urlTemplate":"https:\/\/paccarpowertrain.com\/?s={search_term_string}"},"query-input":{"@type":"PropertyValueSpecification","valueRequired":true,"valueName":"search_term_string"}}],"inLanguage":"fr-CA"},{"@type":"Organization","@id":"https:\/\/paccarpowertrain.com\/#organization","name":"PACCAR Powertrain","url":"https:\/\/paccarpowertrain.com\/","logo":{"@type":"ImageObject","inLanguage":"fr-CA","@id":"https:\/\/paccarpowertrain.com\/#\/schema\/logo\/image\/","url":"https:\/\/paccarpowertrain.com\/wp-content\/uploads\/2022\/03\/paccar-powertrain-logo.svg","contentUrl":"https:\/\/paccarpowertrain.com\/wp-content\/uploads\/2022\/03\/paccar-powertrain-logo.svg","width":200,"height":18,"caption":"PACCAR Powertrain"},"image":{"@id":"https:\/\/paccarpowertrain.com\/#\/schema\/logo\/image\/"},"sameAs":["https:\/\/www.facebook.com\/PACCARPowertrain","https:\/\/www.linkedin.com\/showcase\/paccarpowertrain\/","https:\/\/www.youtube.com\/@paccarpowertrain"]}]}},"_links":{"self":[{"href":"https:\/\/paccarpowertrain.com\/fr\/wp-json\/wp\/v2\/pages\/5","targetHints":{"allow":["GET"]}}],"collection":[{"href":"https:\/\/paccarpowertrain.com\/fr\/wp-json\/wp\/v2\/pages"}],"about":[{"href":"https:\/\/paccarpowertrain.com\/fr\/wp-json\/wp\/v2\/types\/page"}],"author":[{"embeddable":true,"href":"https:\/\/paccarpowertrain.com\/fr\/wp-json\/wp\/v2\/users\/2"}],"replies":[{"embeddable":true,"href":"https:\/\/paccarpowertrain.com\/fr\/wp-json\/wp\/v2\/comments?post=5"}],"version-history":[{"count":0,"href":"https:\/\/paccarpowertrain.com\/fr\/wp-json\/wp\/v2\/pages\/5\/revisions"}],"wp:attachment":[{"href":"https:\/\/paccarpowertrain.com\/fr\/wp-json\/wp\/v2\/media?parent=5"}],"curies":[{"name":"wp","href":"https:\/\/api.w.org\/{rel}","templated":true}]}}