{"id":1376,"date":"2024-07-23T17:16:40","date_gmt":"2024-07-23T17:16:40","guid":{"rendered":"https:\/\/paccarpowertrain.com\/?page_id=1376"},"modified":"2025-07-03T23:14:32","modified_gmt":"2025-07-03T23:14:32","slug":"mx-access","status":"publish","type":"page","link":"https:\/\/paccarpowertrain.com\/fr\/mx-access\/","title":{"rendered":"Acc\u00e8s MX"},"content":{"rendered":"","protected":false},"excerpt":{"rendered":"","protected":false},"author":10,"featured_media":0,"parent":0,"menu_order":0,"comment_status":"closed","ping_status":"closed","template":"","meta":{"_acf_changed":false,"inline_featured_image":false,"footnotes":""},"class_list":{"2":"type-page","4":"entry"},"acf":[],"yoast_head":"<!-- This site is optimized with the Yoast SEO plugin v27.2 - https:\/\/yoast.com\/product\/yoast-seo-wordpress\/ -->\n<title>MX Access - PACCAR Powertrain<\/title>\n<meta name=\"description\" content=\"PACCAR Powertrain offers a subscription service that includes both a diagnostic tool and access to service information to help you provide the best service for PACCAR MX engines and your MX customers.\" \/>\n<meta name=\"robots\" content=\"index, follow, max-snippet:-1, max-image-preview:large, max-video-preview:-1\" \/>\n<link rel=\"canonical\" href=\"https:\/\/paccarpowertrain.com\/fr\/mx-access\/\" \/>\n<meta property=\"og:locale\" content=\"fr_CA\" \/>\n<meta property=\"og:type\" content=\"article\" \/>\n<meta property=\"og:title\" content=\"MX Access - PACCAR Powertrain\" \/>\n<meta property=\"og:description\" content=\"PACCAR Powertrain offers a subscription service that includes both a diagnostic tool and access to service information to help you provide the best service for PACCAR MX engines and your MX customers.\" \/>\n<meta property=\"og:url\" content=\"https:\/\/paccarpowertrain.com\/fr\/mx-access\/\" \/>\n<meta property=\"og:site_name\" content=\"PACCAR Powertrain\" \/>\n<meta property=\"article:publisher\" content=\"https:\/\/www.facebook.com\/PACCARPowertrain\" \/>\n<meta property=\"article:modified_time\" content=\"2025-07-03T23:14:32+00:00\" \/>\n<meta name=\"twitter:card\" content=\"summary_large_image\" \/>\n<meta name=\"twitter:label1\" content=\"Estimation du temps de lecture\" \/>\n\t<meta name=\"twitter:data1\" content=\"2 minutes\" \/>\n<script type=\"application\/ld+json\" class=\"yoast-schema-graph\">{\"@context\":\"https:\/\/schema.org\",\"@graph\":[{\"@type\":\"WebPage\",\"@id\":\"https:\/\/paccarpowertrain.com\/mx-access\/\",\"url\":\"https:\/\/paccarpowertrain.com\/mx-access\/\",\"name\":\"MX Access - PACCAR Powertrain\",\"isPartOf\":{\"@id\":\"https:\/\/paccarpowertrain.com\/#website\"},\"datePublished\":\"2024-07-23T17:16:40+00:00\",\"dateModified\":\"2025-07-03T23:14:32+00:00\",\"description\":\"PACCAR Powertrain offers a subscription service that includes both a diagnostic tool and access to service information to help you provide the best service for PACCAR MX engines and your MX customers.\",\"inLanguage\":\"fr-CA\",\"potentialAction\":[{\"@type\":\"ReadAction\",\"target\":[\"https:\/\/paccarpowertrain.com\/mx-access\/\"]}]},{\"@type\":\"WebSite\",\"@id\":\"https:\/\/paccarpowertrain.com\/#website\",\"url\":\"https:\/\/paccarpowertrain.com\/\",\"name\":\"PACCAR Powertrain\",\"description\":\"\",\"publisher\":{\"@id\":\"https:\/\/paccarpowertrain.com\/#organization\"},\"potentialAction\":[{\"@type\":\"SearchAction\",\"target\":{\"@type\":\"EntryPoint\",\"urlTemplate\":\"https:\/\/paccarpowertrain.com\/?s={search_term_string}\"},\"query-input\":{\"@type\":\"PropertyValueSpecification\",\"valueRequired\":true,\"valueName\":\"search_term_string\"}}],\"inLanguage\":\"fr-CA\"},{\"@type\":\"Organization\",\"@id\":\"https:\/\/paccarpowertrain.com\/#organization\",\"name\":\"PACCAR Powertrain\",\"url\":\"https:\/\/paccarpowertrain.com\/\",\"logo\":{\"@type\":\"ImageObject\",\"inLanguage\":\"fr-CA\",\"@id\":\"https:\/\/paccarpowertrain.com\/#\/schema\/logo\/image\/\",\"url\":\"https:\/\/paccarpowertrain.com\/wp-content\/uploads\/2022\/03\/paccar-powertrain-logo.svg\",\"contentUrl\":\"https:\/\/paccarpowertrain.com\/wp-content\/uploads\/2022\/03\/paccar-powertrain-logo.svg\",\"width\":200,\"height\":18,\"caption\":\"PACCAR Powertrain\"},\"image\":{\"@id\":\"https:\/\/paccarpowertrain.com\/#\/schema\/logo\/image\/\"},\"sameAs\":[\"https:\/\/www.facebook.com\/PACCARPowertrain\",\"https:\/\/www.linkedin.com\/showcase\/paccarpowertrain\/\",\"https:\/\/www.youtube.com\/@paccarpowertrain\"]}]}<\/script>\n<!-- \/ Yoast SEO plugin. -->","yoast_head_json":{"title":"Acc\u00e8s MX - PACCAR Powertrain","description":"PACCAR Powertrain propose un service d'abonnement qui comprend \u00e0 la fois un outil de diagnostic et l'acc\u00e8s \u00e0 des informations de service pour vous aider \u00e0 fournir le meilleur service possible aux moteurs PACCAR MX et \u00e0 vos clients MX.","robots":{"index":"index","follow":"follow","max-snippet":"max-snippet:-1","max-image-preview":"max-image-preview:large","max-video-preview":"max-video-preview:-1"},"canonical":"https:\/\/paccarpowertrain.com\/fr\/mx-access\/","og_locale":"fr_CA","og_type":"article","og_title":"MX Access - PACCAR Powertrain","og_description":"PACCAR Powertrain offers a subscription service that includes both a diagnostic tool and access to service information to help you provide the best service for PACCAR MX engines and your MX customers.","og_url":"https:\/\/paccarpowertrain.com\/fr\/mx-access\/","og_site_name":"PACCAR Powertrain","article_publisher":"https:\/\/www.facebook.com\/PACCARPowertrain","article_modified_time":"2025-07-03T23:14:32+00:00","twitter_card":"summary_large_image","twitter_misc":{"Estimation du temps de lecture":"2 minutes"},"schema":{"@context":"https:\/\/schema.org","@graph":[{"@type":"WebPage","@id":"https:\/\/paccarpowertrain.com\/mx-access\/","url":"https:\/\/paccarpowertrain.com\/mx-access\/","name":"Acc\u00e8s MX - PACCAR Powertrain","isPartOf":{"@id":"https:\/\/paccarpowertrain.com\/#website"},"datePublished":"2024-07-23T17:16:40+00:00","dateModified":"2025-07-03T23:14:32+00:00","description":"PACCAR Powertrain propose un service d'abonnement qui comprend \u00e0 la fois un outil de diagnostic et l'acc\u00e8s \u00e0 des informations de service pour vous aider \u00e0 fournir le meilleur service possible aux moteurs PACCAR MX et \u00e0 vos clients MX.","inLanguage":"fr-CA","potentialAction":[{"@type":"ReadAction","target":["https:\/\/paccarpowertrain.com\/mx-access\/"]}]},{"@type":"WebSite","@id":"https:\/\/paccarpowertrain.com\/#website","url":"https:\/\/paccarpowertrain.com\/","name":"PACCAR Powertrain","description":"","publisher":{"@id":"https:\/\/paccarpowertrain.com\/#organization"},"potentialAction":[{"@type":"SearchAction","target":{"@type":"EntryPoint","urlTemplate":"https:\/\/paccarpowertrain.com\/?s={search_term_string}"},"query-input":{"@type":"PropertyValueSpecification","valueRequired":true,"valueName":"search_term_string"}}],"inLanguage":"fr-CA"},{"@type":"Organization","@id":"https:\/\/paccarpowertrain.com\/#organization","name":"PACCAR Powertrain","url":"https:\/\/paccarpowertrain.com\/","logo":{"@type":"ImageObject","inLanguage":"fr-CA","@id":"https:\/\/paccarpowertrain.com\/#\/schema\/logo\/image\/","url":"https:\/\/paccarpowertrain.com\/wp-content\/uploads\/2022\/03\/paccar-powertrain-logo.svg","contentUrl":"https:\/\/paccarpowertrain.com\/wp-content\/uploads\/2022\/03\/paccar-powertrain-logo.svg","width":200,"height":18,"caption":"PACCAR Powertrain"},"image":{"@id":"https:\/\/paccarpowertrain.com\/#\/schema\/logo\/image\/"},"sameAs":["https:\/\/www.facebook.com\/PACCARPowertrain","https:\/\/www.linkedin.com\/showcase\/paccarpowertrain\/","https:\/\/www.youtube.com\/@paccarpowertrain"]}]}},"_links":{"self":[{"href":"https:\/\/paccarpowertrain.com\/fr\/wp-json\/wp\/v2\/pages\/1376","targetHints":{"allow":["GET"]}}],"collection":[{"href":"https:\/\/paccarpowertrain.com\/fr\/wp-json\/wp\/v2\/pages"}],"about":[{"href":"https:\/\/paccarpowertrain.com\/fr\/wp-json\/wp\/v2\/types\/page"}],"author":[{"embeddable":true,"href":"https:\/\/paccarpowertrain.com\/fr\/wp-json\/wp\/v2\/users\/10"}],"replies":[{"embeddable":true,"href":"https:\/\/paccarpowertrain.com\/fr\/wp-json\/wp\/v2\/comments?post=1376"}],"version-history":[{"count":0,"href":"https:\/\/paccarpowertrain.com\/fr\/wp-json\/wp\/v2\/pages\/1376\/revisions"}],"wp:attachment":[{"href":"https:\/\/paccarpowertrain.com\/fr\/wp-json\/wp\/v2\/media?parent=1376"}],"curies":[{"name":"wp","href":"https:\/\/api.w.org\/{rel}","templated":true}]}}