{"id":11,"date":"2022-03-14T17:34:22","date_gmt":"2022-03-14T17:34:22","guid":{"rendered":"https:\/\/paccar.local\/?page_id=11"},"modified":"2025-04-21T22:52:52","modified_gmt":"2025-04-21T22:52:52","slug":"maintenance","status":"publish","type":"page","link":"https:\/\/paccarpowertrain.com\/fr\/maintenance\/","title":{"rendered":"Maintenance"},"content":{"rendered":"","protected":false},"excerpt":{"rendered":"","protected":false},"author":2,"featured_media":0,"parent":0,"menu_order":0,"comment_status":"closed","ping_status":"closed","template":"","meta":{"_acf_changed":false,"inline_featured_image":false,"footnotes":""},"class_list":{"2":"type-page","4":"entry"},"acf":[],"yoast_head":"<!-- This site is optimized with the Yoast SEO plugin v27.2 - https:\/\/yoast.com\/product\/yoast-seo-wordpress\/ -->\n<title>Maintenance - PACCAR Powertrain<\/title>\n<meta name=\"description\" content=\"We do more than stand behind our products \u2013 we stand behind you. These tips and techniques are designed to assist you with PACCAR MX Engine maintenance, straight from PACCAR experts.\" \/>\n<meta name=\"robots\" content=\"index, follow, max-snippet:-1, max-image-preview:large, max-video-preview:-1\" \/>\n<link rel=\"canonical\" href=\"https:\/\/paccarpowertrain.com\/fr\/maintenance\/\" \/>\n<meta property=\"og:locale\" content=\"fr_CA\" \/>\n<meta property=\"og:type\" content=\"article\" \/>\n<meta property=\"og:title\" content=\"Maintenance - PACCAR Powertrain\" \/>\n<meta property=\"og:description\" content=\"We do more than stand behind our products \u2013 we stand behind you. These tips and techniques are designed to assist you with PACCAR MX Engine maintenance, straight from PACCAR experts.\" \/>\n<meta property=\"og:url\" content=\"https:\/\/paccarpowertrain.com\/fr\/maintenance\/\" \/>\n<meta property=\"og:site_name\" content=\"PACCAR Powertrain\" \/>\n<meta property=\"article:publisher\" content=\"https:\/\/www.facebook.com\/PACCARPowertrain\" \/>\n<meta property=\"article:modified_time\" content=\"2025-04-21T22:52:52+00:00\" \/>\n<meta name=\"twitter:card\" content=\"summary_large_image\" \/>\n<meta name=\"twitter:label1\" content=\"Estimation du temps de lecture\" \/>\n\t<meta name=\"twitter:data1\" content=\"1 minute\" \/>\n<script type=\"application\/ld+json\" class=\"yoast-schema-graph\">{\"@context\":\"https:\/\/schema.org\",\"@graph\":[{\"@type\":\"WebPage\",\"@id\":\"https:\/\/paccarpowertrain.com\/maintenance\/\",\"url\":\"https:\/\/paccarpowertrain.com\/maintenance\/\",\"name\":\"Maintenance - PACCAR Powertrain\",\"isPartOf\":{\"@id\":\"https:\/\/paccarpowertrain.com\/#website\"},\"datePublished\":\"2022-03-14T17:34:22+00:00\",\"dateModified\":\"2025-04-21T22:52:52+00:00\",\"description\":\"We do more than stand behind our products \u2013 we stand behind you. These tips and techniques are designed to assist you with PACCAR MX Engine maintenance, straight from PACCAR experts.\",\"inLanguage\":\"fr-CA\",\"potentialAction\":[{\"@type\":\"ReadAction\",\"target\":[\"https:\/\/paccarpowertrain.com\/maintenance\/\"]}]},{\"@type\":\"WebSite\",\"@id\":\"https:\/\/paccarpowertrain.com\/#website\",\"url\":\"https:\/\/paccarpowertrain.com\/\",\"name\":\"PACCAR Powertrain\",\"description\":\"\",\"publisher\":{\"@id\":\"https:\/\/paccarpowertrain.com\/#organization\"},\"potentialAction\":[{\"@type\":\"SearchAction\",\"target\":{\"@type\":\"EntryPoint\",\"urlTemplate\":\"https:\/\/paccarpowertrain.com\/?s={search_term_string}\"},\"query-input\":{\"@type\":\"PropertyValueSpecification\",\"valueRequired\":true,\"valueName\":\"search_term_string\"}}],\"inLanguage\":\"fr-CA\"},{\"@type\":\"Organization\",\"@id\":\"https:\/\/paccarpowertrain.com\/#organization\",\"name\":\"PACCAR Powertrain\",\"url\":\"https:\/\/paccarpowertrain.com\/\",\"logo\":{\"@type\":\"ImageObject\",\"inLanguage\":\"fr-CA\",\"@id\":\"https:\/\/paccarpowertrain.com\/#\/schema\/logo\/image\/\",\"url\":\"https:\/\/paccarpowertrain.com\/wp-content\/uploads\/2022\/03\/paccar-powertrain-logo.svg\",\"contentUrl\":\"https:\/\/paccarpowertrain.com\/wp-content\/uploads\/2022\/03\/paccar-powertrain-logo.svg\",\"width\":200,\"height\":18,\"caption\":\"PACCAR Powertrain\"},\"image\":{\"@id\":\"https:\/\/paccarpowertrain.com\/#\/schema\/logo\/image\/\"},\"sameAs\":[\"https:\/\/www.facebook.com\/PACCARPowertrain\",\"https:\/\/www.linkedin.com\/showcase\/paccarpowertrain\/\",\"https:\/\/www.youtube.com\/@paccarpowertrain\"]}]}<\/script>\n<!-- \/ Yoast SEO plugin. -->","yoast_head_json":{"title":"Maintenance - PACCAR Powertrain","description":"Nous ne nous contentons pas de d\u00e9fendre nos produits, nous vous soutenons. Ces conseils et techniques ont \u00e9t\u00e9 con\u00e7us pour vous aider \u00e0 entretenir le moteur PACCAR MX, directement par les experts PACCAR.","robots":{"index":"index","follow":"follow","max-snippet":"max-snippet:-1","max-image-preview":"max-image-preview:large","max-video-preview":"max-video-preview:-1"},"canonical":"https:\/\/paccarpowertrain.com\/fr\/maintenance\/","og_locale":"fr_CA","og_type":"article","og_title":"Maintenance - PACCAR Powertrain","og_description":"We do more than stand behind our products \u2013 we stand behind you. These tips and techniques are designed to assist you with PACCAR MX Engine maintenance, straight from PACCAR experts.","og_url":"https:\/\/paccarpowertrain.com\/fr\/maintenance\/","og_site_name":"PACCAR Powertrain","article_publisher":"https:\/\/www.facebook.com\/PACCARPowertrain","article_modified_time":"2025-04-21T22:52:52+00:00","twitter_card":"summary_large_image","twitter_misc":{"Estimation du temps de lecture":"1 minute"},"schema":{"@context":"https:\/\/schema.org","@graph":[{"@type":"WebPage","@id":"https:\/\/paccarpowertrain.com\/maintenance\/","url":"https:\/\/paccarpowertrain.com\/maintenance\/","name":"Maintenance - PACCAR Powertrain","isPartOf":{"@id":"https:\/\/paccarpowertrain.com\/#website"},"datePublished":"2022-03-14T17:34:22+00:00","dateModified":"2025-04-21T22:52:52+00:00","description":"Nous ne nous contentons pas de d\u00e9fendre nos produits, nous vous soutenons. Ces conseils et techniques ont \u00e9t\u00e9 con\u00e7us pour vous aider \u00e0 entretenir le moteur PACCAR MX, directement par les experts PACCAR.","inLanguage":"fr-CA","potentialAction":[{"@type":"ReadAction","target":["https:\/\/paccarpowertrain.com\/maintenance\/"]}]},{"@type":"WebSite","@id":"https:\/\/paccarpowertrain.com\/#website","url":"https:\/\/paccarpowertrain.com\/","name":"PACCAR Powertrain","description":"","publisher":{"@id":"https:\/\/paccarpowertrain.com\/#organization"},"potentialAction":[{"@type":"SearchAction","target":{"@type":"EntryPoint","urlTemplate":"https:\/\/paccarpowertrain.com\/?s={search_term_string}"},"query-input":{"@type":"PropertyValueSpecification","valueRequired":true,"valueName":"search_term_string"}}],"inLanguage":"fr-CA"},{"@type":"Organization","@id":"https:\/\/paccarpowertrain.com\/#organization","name":"PACCAR Powertrain","url":"https:\/\/paccarpowertrain.com\/","logo":{"@type":"ImageObject","inLanguage":"fr-CA","@id":"https:\/\/paccarpowertrain.com\/#\/schema\/logo\/image\/","url":"https:\/\/paccarpowertrain.com\/wp-content\/uploads\/2022\/03\/paccar-powertrain-logo.svg","contentUrl":"https:\/\/paccarpowertrain.com\/wp-content\/uploads\/2022\/03\/paccar-powertrain-logo.svg","width":200,"height":18,"caption":"PACCAR Powertrain"},"image":{"@id":"https:\/\/paccarpowertrain.com\/#\/schema\/logo\/image\/"},"sameAs":["https:\/\/www.facebook.com\/PACCARPowertrain","https:\/\/www.linkedin.com\/showcase\/paccarpowertrain\/","https:\/\/www.youtube.com\/@paccarpowertrain"]}]}},"_links":{"self":[{"href":"https:\/\/paccarpowertrain.com\/fr\/wp-json\/wp\/v2\/pages\/11","targetHints":{"allow":["GET"]}}],"collection":[{"href":"https:\/\/paccarpowertrain.com\/fr\/wp-json\/wp\/v2\/pages"}],"about":[{"href":"https:\/\/paccarpowertrain.com\/fr\/wp-json\/wp\/v2\/types\/page"}],"author":[{"embeddable":true,"href":"https:\/\/paccarpowertrain.com\/fr\/wp-json\/wp\/v2\/users\/2"}],"replies":[{"embeddable":true,"href":"https:\/\/paccarpowertrain.com\/fr\/wp-json\/wp\/v2\/comments?post=11"}],"version-history":[{"count":0,"href":"https:\/\/paccarpowertrain.com\/fr\/wp-json\/wp\/v2\/pages\/11\/revisions"}],"wp:attachment":[{"href":"https:\/\/paccarpowertrain.com\/fr\/wp-json\/wp\/v2\/media?parent=11"}],"curies":[{"name":"wp","href":"https:\/\/api.w.org\/{rel}","templated":true}]}}